{"id":719,"date":"2022-07-20T10:51:23","date_gmt":"2022-07-20T13:51:23","guid":{"rendered":"https:\/\/processoempresarial.com.br\/site\/?page_id=719"},"modified":"2024-05-15T12:17:40","modified_gmt":"2024-05-15T15:17:40","slug":"politica-de-privacidade","status":"publish","type":"page","link":"https:\/\/processoempresarial.com.br\/site\/politica-de-privacidade\/","title":{"rendered":"POL\u00cdTICA DE PRIVACIDADE"},"content":{"rendered":"<div class=\"gb-container gb-container-f798c9f7\">\n\n<h2 class=\"gb-headline gb-headline-c34dc09a gb-headline-text\">ASSOCIA\u00c7\u00c3O CONGRESSO DE DIREITO PROCESSUAL EMPRESARIAL \u2013 APROEMP<\/h2>\n\n\n\n<div style=\"height:10px\" aria-hidden=\"true\" class=\"wp-block-spacer\"><\/div>\n\n\n\n<p>Esta Pol\u00edtica de Privacidade foi atualizada pela \u00faltima vez em 20 de julho de 2022, e corresponde \u00e0 vers\u00e3o n\u00ba. 1.<\/p>\n\n\n\n<p>Nesta p\u00e1gina, descrevemos a forma como a Associa\u00e7\u00e3o Congresso de Direito Processual Empresarial &#8211; APROEMP processa os seus dados, notadamente no acesso \u00e0 \u00e1rea restrita do site do Congresso, na aquisi\u00e7\u00e3o de ingressos para eventos, dentre outras funcionalidades presentes no site.<\/p>\n\n\n\n<p>A APROEMP \u00e9 uma associa\u00e7\u00e3o sem fins lucrativos que tem por intuito promover eventos acad\u00eamicos, especialmente o Congresso Brasileiro de Processo Empresarial (Congresso), e tem especial preocupa\u00e7\u00e3o com a prote\u00e7\u00e3o dos dados pessoais de todos aqueles que se acessam suas plataformas e participam de seus eventos, de tal maneira que o processamento desses dados sempre se d\u00e1 em conformidade com a legisla\u00e7\u00e3o nacional, inclusive a Lei n\u00ba 13.709\/2018 \u2013 Lei Geral de Prote\u00e7\u00e3o de Dados (LGPD).<\/p>\n\n\n\n<p>O prop\u00f3sito dessa Pol\u00edtica de Privacidade \u00e9 dar transpar\u00eancia \u00e0s opera\u00e7\u00f5es de tratamento de dados que s\u00e3o realizadas pela APROEMP, tornando p\u00fablico o nosso compromisso com a prote\u00e7\u00e3o da privacidade dos nossos usu\u00e1rios.<\/p>\n\n\n\n<p>Por favor, leia atentamente as informa\u00e7\u00f5es a seguir e, em caso de d\u00favida, entre em contato conosco atrav\u00e9s do canal de comunica\u00e7\u00e3o com nosso Encarregado de prote\u00e7\u00e3o de dados, Guilherme Setoguti:&nbsp;<a href=\"mailto:contato@processoempresarial.com.br\">contato@processoempresarial.com.br<\/a>.<\/p>\n\n\n\n<div class=\"wp-block-group has-base-2-background-color has-background\"><div class=\"wp-block-group__inner-container is-layout-flow wp-block-group-is-layout-flow\">\n<h5 class=\"gb-headline gb-headline-145034c0 gb-headline-text\" id=\"sumario\"><strong>Sum\u00e1rio<\/strong><\/h5>\n\n\n\n<p class=\"no-margin\"><a href=\"#principios\">Princ\u00edpios<br><\/a><a href=\"#tratamento-dados\">Tratamento de dados pessoais<br><\/a><a href=\"#uso-cookies\">Uso de cookies<br><\/a><a href=\"#guarda-informacoes\">Guarda de informa\u00e7\u00f5es<br><\/a><a href=\"#seguranca-dados\">Seguran\u00e7a dos dados pessoais<br><\/a><a href=\"#seus-direitos\">Seus direitos<br><\/a><a href=\"#seus-deveres\">Seus deveres<br><\/a><a href=\"#modificacoes-politica\">Modifica\u00e7\u00f5es em nossa Pol\u00edtica de Privacidade<\/a><\/p>\n<\/div><\/div>\n\n\n\n<div style=\"height:10px\" aria-hidden=\"true\" class=\"wp-block-spacer\"><\/div>\n\n\n\n<div style=\"height:30px\" aria-hidden=\"true\" class=\"wp-block-spacer\"><\/div>\n\n\n\n<h3 class=\"gb-headline gb-headline-f8716ab2 gb-headline-text\" id=\"principios\">Princ\u00edpios&nbsp;<\/h3>\n\n\n\n<p>A presente Pol\u00edtica de Privacidade \u00e9 fundada nos princ\u00edpios abaixo elencados, cuja fun\u00e7\u00e3o \u00e9 balizar o tratamento de dados pessoais no intuito de mitigar riscos de ocorr\u00eancia de pr\u00e1ticas abusivas, assim servindo para orientar e procedimentalizar o tratamento de dados pessoais. S\u00e3o os princ\u00edpios a serem observados:<\/p>\n\n\n\n<ul class=\"wp-block-list\">\n<li><strong>Finalidade<\/strong>: realiza\u00e7\u00e3o do tratamento de dados para prop\u00f3sitos leg\u00edtimos, espec\u00edficos, expl\u00edcitos \u00e0 rela\u00e7\u00e3o em quest\u00e3o e informados ao titular, sem a possibilidade de tratamento posterior de forma incompat\u00edvel com essas finalidades.<\/li>\n\n\n\n<li><strong>Adequa\u00e7\u00e3o<\/strong>: compatibilidade do tratamento de dados com as finalidades informadas ao titular, de acordo com o contexto do tratamento.<\/li>\n\n\n\n<li><strong>Necessidade<\/strong>: limita\u00e7\u00e3o do tratamento ao m\u00ednimo necess\u00e1rio para a realiza\u00e7\u00e3o de suas finalidades, com abrang\u00eancia dos dados pertinentes, proporcionais e n\u00e3o excessivos em rela\u00e7\u00e3o \u00e0s finalidades do tratamento de dados informadas.<\/li>\n\n\n\n<li><strong>Qualidade dos dados<\/strong>: garantia, aos titulares, de exatid\u00e3o, clareza, relev\u00e2ncia e atualiza\u00e7\u00e3o dos dados, de acordo com a necessidade e para o cumprimento da finalidade de seu tratamento.<\/li>\n\n\n\n<li><strong>Transpar\u00eancia<\/strong>: garantia aos titulares de dados de informa\u00e7\u00f5es claras, precisas e facilmente acess\u00edveis sobre a realiza\u00e7\u00e3o do tratamento e seus respectivos agentes de tratamento, observados os segredos comercial e industrial.<\/li>\n\n\n\n<li><strong>Seguran\u00e7a<\/strong>: utiliza\u00e7\u00e3o de medidas t\u00e9cnicas aptas a proteger os dados pessoais de acessos n\u00e3o autorizados e de situa\u00e7\u00f5es acidentais ou il\u00edcitas de destrui\u00e7\u00e3o, perda, altera\u00e7\u00e3o, comunica\u00e7\u00e3o ou difus\u00e3o.<\/li>\n\n\n\n<li><strong>Preven\u00e7\u00e3o<\/strong>: ado\u00e7\u00e3o de medidas destinadas a prevenir a ocorr\u00eancia de danos em virtude do tratamento de dados pessoais.<\/li>\n\n\n\n<li><strong>Livre acesso<\/strong>: garantia, aos titulares, de consulta facilitada e gratuita sobre a forma e a dura\u00e7\u00e3o do tratamento, bem como sobre a integralidade de seus dados pessoais confiados \u00e0 empresa.<\/li>\n\n\n\n<li><strong>N\u00e3o discrimina\u00e7\u00e3o<\/strong>: impossibilidade de realiza\u00e7\u00e3o do tratamento de dados para fins discriminat\u00f3rios il\u00edcitos ou abusivos.<\/li>\n\n\n\n<li><strong>Responsabiliza\u00e7\u00e3o e presta\u00e7\u00e3o de contas<\/strong>: demonstra\u00e7\u00e3o, pelo agente, da ado\u00e7\u00e3o de medidas eficazes e capazes de comprovar a observ\u00e2ncia e o cumprimento das normas de prote\u00e7\u00e3o de dados pessoais e, inclusive, da efic\u00e1cia dessas medidas.<\/li>\n<\/ul>\n\n\n\n<p><a href=\"#sumario\">Voltar<\/a><\/p>\n\n\n\n<div style=\"height:20px\" aria-hidden=\"true\" class=\"wp-block-spacer\"><\/div>\n\n\n\n<h3 class=\"gb-headline gb-headline-9fbae949 gb-headline-text\" id=\"tratamento-dados\">Tratamento de dados pessoais<\/h3>\n\n\n\n<p>A APROEMP, sempre que necess\u00e1rio para o desempenho de seus objetivos institucionais ou para viabilizar o oferecimento das funcionalidades associadas ao Congresso, poder\u00e1 realizar atividades de tratamento de dados pessoais para finalidades determinadas e adstritas ao conjunto de atividades desempenhadas pela associa\u00e7\u00e3o habitualmente. Alguns desses tratamentos poder\u00e3o ocorrer mediante o consentimento do titular enquanto outros, nas hip\u00f3teses em que houver permiss\u00e3o legal, ocorrer\u00e3o independentemente do consentimento.&nbsp;<\/p>\n\n\n\n<p>Toda vez que o tratamento de dados pessoais exigir a obten\u00e7\u00e3o do consentimento do titular, a ele ser\u00e1 apresentada uma solicita\u00e7\u00e3o para que manifeste sua concord\u00e2ncia. Esse consentimento poder\u00e1 ser revogado a qualquer tempo, desde que o usu\u00e1rio o fa\u00e7a de maneira expressa e inequ\u00edvoca.&nbsp;<\/p>\n\n\n\n<p>A revoga\u00e7\u00e3o do consentimento ensejar\u00e1 o encerramento da atividade de tratamento, devendo ensejar, em regra, a elimina\u00e7\u00e3o dos dados pessoais dos usu\u00e1rios, ressalvadas as hip\u00f3teses previstas na legisla\u00e7\u00e3o nas quais se exige a preserva\u00e7\u00e3o das informa\u00e7\u00f5es para o cumprimento de determinadas obriga\u00e7\u00f5es, com a ado\u00e7\u00e3o das devidas medidas t\u00e9cnicas de mitiga\u00e7\u00e3o de riscos aos titulares.<\/p>\n\n\n\n<p>N\u00f3s coletamos o m\u00ednimo poss\u00edvel de dados pessoais para chegar aos nossos objetivos e apenas utilizamos estes dados para as finalidades para as quais foram coletados.&nbsp;<\/p>\n\n\n\n<p>A APROEMP poder\u00e1 compartilhar as informa\u00e7\u00f5es pessoais constantes em sua base de dados com terceiros, notadamente em virtude da utiliza\u00e7\u00e3o de cookies, sempre garantindo a observ\u00e2ncia dos princ\u00edpios constantes da legisla\u00e7\u00e3o de prote\u00e7\u00e3o de dados.<\/p>\n\n\n\n<p><a href=\"#sumario\">Voltar<\/a><\/p>\n\n\n\n<div style=\"height:20px\" aria-hidden=\"true\" class=\"wp-block-spacer\"><\/div>\n\n\n\n<h3 class=\"gb-headline gb-headline-999f3d9e gb-headline-text\" id=\"uso-cookies\">Uso de cookies<\/h3>\n\n\n\n<p>No acesso ao site do Congresso, ser\u00e1 requerida autoriza\u00e7\u00e3o do usu\u00e1rio para a instala\u00e7\u00e3o de cookies no dispositivo utilizado para o acesso, os quais t\u00eam por finalidade a coleta de informa\u00e7\u00f5es relacionadas \u00e0 atividade de navega\u00e7\u00e3o.<\/p>\n\n\n\n<p>Cookies s\u00e3o pequenos arquivos de letras e n\u00fameros baixados para o seu dispositivo \u2013 por exemplo, computador ou celular \u2013 quando o website \u00e9 visitado. Eles podem ser amplamente utilizados para diversas finalidades, como fazer os websites funcionarem, ou funcionarem com mais efici\u00eancia, fornecer informa\u00e7\u00f5es aos propriet\u00e1rios do site ou at\u00e9 mesmo para terceiros, e at\u00e9 para o direcionamento de publicidade.<\/p>\n\n\n\n<p>Os cookies utilizados pela APROEMP podem ser classificados em alguns conjuntos, com fun\u00e7\u00f5es distintas, a saber:<\/p>\n\n\n\n<ul class=\"wp-block-list\">\n<li><strong>Cookies essenciais<\/strong>: ou \u201cestritamente necess\u00e1rios\u201d, s\u00e3o essenciais \u00e0 utiliza\u00e7\u00e3o do site da APROEMP, de sorte que, caso o usu\u00e1rio n\u00e3o concorde com a sua instala\u00e7\u00e3o, n\u00e3o poder\u00e1 utilizar a plataforma. Os cookies necess\u00e1rios s\u00e3o associados, notadamente, \u00e0 venda de ingressos para o Congresso, \u00e0 autentica\u00e7\u00e3o do usu\u00e1rio na \u00e1rea restrita, e \u00e0 visualiza\u00e7\u00e3o de m\u00eddias na plataforma.<\/li>\n\n\n\n<li><strong>Cookies de funcionalidade<\/strong>: s\u00e3o utilizados para aprimorar a experi\u00eancia do usu\u00e1rio do site da APROEMP, no entanto podem ser desabilitados sem que o usu\u00e1rio deixe de utilizar a plataforma.<\/li>\n\n\n\n<li><strong>Cookies de desempenho:\u00a0<\/strong>s\u00e3o utilizados para coletar dados pseud\u00f4nimos sobre os visitantes do site. Os dados nos permitem entender melhor os visitantes e otimiza\u00e7\u00e3o do site.<\/li>\n\n\n\n<li><strong>Cookies de publicidade:\u00a0<\/strong>s\u00e3o usados \u200b\u200bpor n\u00f3s e por terceiros para registrar o comportamento de usu\u00e1rios individuais, para coletar e analisar dados e, por exemplo, exibir an\u00fancios personalizados.<\/li>\n<\/ul>\n\n\n\n<p>Tamb\u00e9m poder\u00e1 haver o uso de cookies quando forem acessadas as p\u00e1ginas da APROEMP mantidas em m\u00eddias sociais. Nesses casos o uso de cookies ocorrer\u00e1 de acordo com as Pol\u00edticas de Privacidades dos titulares das redes sociais respectivas, as quais dever\u00e3o ser previamente consultadas pelo usu\u00e1rio.<\/p>\n\n\n\n<p>O usu\u00e1rio poder\u00e1, sempre que julgar necess\u00e1rio, rever suas op\u00e7\u00f5es quanto ao uso de cookies.<\/p>\n\n\n\n<p><a href=\"#sumario\">Voltar<\/a><\/p>\n\n\n\n<div style=\"height:20px\" aria-hidden=\"true\" class=\"wp-block-spacer\"><\/div>\n\n\n\n<h3 class=\"gb-headline gb-headline-ce88ecf6 gb-headline-text\" id=\"guarda-informacoes\">Guarda de informa\u00e7\u00f5es<\/h3>\n\n\n\n<p>A APROEMP apenas guardar\u00e1 os seus dados pelo tempo necess\u00e1rio para o cumprimento das finalidades para os quais eles foram coletados, inclusive para fins de cumprimento de obriga\u00e7\u00f5es legais, contratuais, presta\u00e7\u00e3o de contas, eventual requisi\u00e7\u00e3o de autoridades competentes ou defesa em processos administrativos, judiciais ou arbitrais, podendo variar entre 5 e 20 anos a depender da obriga\u00e7\u00e3o e da base legal aplic\u00e1vel.<\/p>\n\n\n\n<p><a href=\"#sumario\">Voltar<\/a><\/p>\n\n\n\n<div style=\"height:20px\" aria-hidden=\"true\" class=\"wp-block-spacer\"><\/div>\n\n\n\n<h3 class=\"gb-headline gb-headline-f840f096 gb-headline-text\" id=\"seguranca-dados\">Seguran\u00e7a dos dados pessoais<\/h3>\n\n\n\n<p>A APROEMP adota solu\u00e7\u00f5es, medidas t\u00e9cnicas e n\u00edveis de seguran\u00e7a apropriadas para garantir a confidencialidade, integridade e inviolabilidade dos dados, dentro dos requisitos legais para a prote\u00e7\u00e3o dos dados pessoais.<\/p>\n\n\n\n<p>De toda sorte, na eventualidade de algum incidente de seguran\u00e7a envolvendo os dados pessoais de seus usu\u00e1rios, a APROEMP se compromete a comunic\u00e1-los sobre o ocorrido e tomar todas as medidas necess\u00e1rias para mitigar danos e riscos que venham a afetar os titulares dos dados em virtude do incidente.<\/p>\n\n\n\n<p><a href=\"#sumario\">Voltar<\/a><\/p>\n\n\n\n<div style=\"height:20px\" aria-hidden=\"true\" class=\"wp-block-spacer\"><\/div>\n\n\n\n<h3 class=\"gb-headline gb-headline-4c2cfdbf gb-headline-text\" id=\"seus-direitos\">Seus direitos&nbsp;<\/h3>\n\n\n\n<p>Ressalvada a prote\u00e7\u00e3o de segredos de neg\u00f3cio, a APROEMP, comprometida com a transpar\u00eancia, informa que os usu\u00e1rios possuem direitos no que se refere \u00e0s suas informa\u00e7\u00f5es pessoais e que todos esses direitos s\u00e3o garantidos naquilo que forem compat\u00edveis com as atividades de tratamento realizados pela APROEMP, dentre eles:<\/p>\n\n\n\n<ul class=\"wp-block-list\">\n<li><strong>Confirma\u00e7\u00e3o da exist\u00eancia de tratamento de dados pessoais<\/strong>. Mediante requisi\u00e7\u00e3o do usu\u00e1rio, a APROEMP conceder\u00e1 a confirma\u00e7\u00e3o da exist\u00eancia de tratamento de dados pessoais, nos termos da legisla\u00e7\u00e3o aplic\u00e1vel.<\/li>\n\n\n\n<li><strong>Acesso aos dados pessoais<\/strong>. O usu\u00e1rio pode requisitar acesso aos seus dados pessoais coletados e que estejam armazenados pela APROEMP.<\/li>\n\n\n\n<li><strong>Corre\u00e7\u00e3o de dados incompletos, inexatos ou desatualizados<\/strong>. O usu\u00e1rio poder\u00e1, a qualquer momento, alterar e editar os seus dados pessoais.<\/li>\n\n\n\n<li><strong>Informa\u00e7\u00f5es sobre uso compartilhado de dados<\/strong>. As informa\u00e7\u00f5es sobre o compartilhamento de dados pessoais encontram-se nesta Pol\u00edtica de Privacidade. A APROEMP coloca-se \u00e0 disposi\u00e7\u00e3o do usu\u00e1rio para a hip\u00f3tese de esclarecimentos complementares.<\/li>\n\n\n\n<li><strong>Elimina\u00e7\u00e3o dos dados pessoais<\/strong>. O usu\u00e1rio poder\u00e1 solicitar a elimina\u00e7\u00e3o de dados pessoais que tenham sido coletadas pela APROEMP a partir do consentimento do usu\u00e1rio, a qualquer momento, mediante manifesta\u00e7\u00e3o gratuita e facilitada. A elimina\u00e7\u00e3o dos dados pessoais somente poder\u00e1 ser completa para dados pessoais que n\u00e3o sejam necess\u00e1rios para a APROEMP cumprir com obriga\u00e7\u00f5es legais, contratuais, para prote\u00e7\u00e3o de seu leg\u00edtimo interesse e nas demais hip\u00f3teses admitidas legalmente.<\/li>\n\n\n\n<li><strong>Revoga\u00e7\u00e3o do consentimento<\/strong>. O usu\u00e1rio poder\u00e1 revogar o consentimento que tenha dado \u00e0 APROEMP para tratamento dos seus dados pessoais para certas finalidades, a qualquer momento, mediante manifesta\u00e7\u00e3o gratuita e facilitada. Importante informar que os tratamentos realizados anteriormente \u00e0 revoga\u00e7\u00e3o do consentimento s\u00e3o ratificados e que o pedido de revoga\u00e7\u00e3o n\u00e3o implicar\u00e1 a elimina\u00e7\u00e3o dos dados pessoais anteriormente tratados e que sejam mantidos pela Creditas com base em outros fundamentos legais.<\/li>\n\n\n\n<li><strong>Portabilidade<\/strong>: A Autoridade Nacional de Prote\u00e7\u00e3o de Dados (ANPD) ir\u00e1 regulamentar o direito de portabilidade. A partir de ent\u00e3o, Voc\u00ea poder\u00e1 solicitar \u00e0 APROEMP a portabilidade de seus dados para outro prestador de servi\u00e7o.<\/li>\n<\/ul>\n\n\n\n<p>Caso voc\u00ea deseje exercer qualquer um desses direitos, Voc\u00ea pode entrar em contato com o Encarregado atrav\u00e9s do canal atendimento dispon\u00edvel&nbsp;contato@processoempresarial.com.br<strong><em>.<\/em><\/strong>&nbsp;No caso de alguma solicita\u00e7\u00e3o sobre seus direitos, podemos solicitar comprova\u00e7\u00e3o da sua identidade, como medida de seguran\u00e7a e preven\u00e7\u00e3o \u00e0 fraude.<\/p>\n\n\n\n<p><a href=\"#sumario\">Voltar<\/a><\/p>\n\n\n\n<div style=\"height:20px\" aria-hidden=\"true\" class=\"wp-block-spacer\"><\/div>\n\n\n\n<h3 class=\"gb-headline gb-headline-63ffe316 gb-headline-text\" id=\"seus-deveres\">Seus deveres&nbsp;<\/h3>\n\n\n\n<p>O usu\u00e1rio dever\u00e1 igualmente agir de maneira colaborativa e transparente, comprometendo-se a fornecer, sempre que solicitado, informa\u00e7\u00f5es exatas e corretas, assumindo a obriga\u00e7\u00e3o de manter todos os seus dados atualizados, bem como proteger a confidencialidade de login(s) e senha(s) de acesso aos servi\u00e7os e produtos da APROEMP, inclusive para prevenir seu uso n\u00e3o autorizado, n\u00e3o devendo compartilh\u00e1-los com terceiros.&nbsp;<\/p>\n\n\n\n<p><a href=\"#sumario\">Voltar<\/a><\/p>\n\n\n\n<div style=\"height:20px\" aria-hidden=\"true\" class=\"wp-block-spacer\"><\/div>\n\n\n\n<h3 class=\"gb-headline gb-headline-d7b86b40 gb-headline-text\" id=\"modificacoes-politica\">Modifica\u00e7\u00f5es em nossa Pol\u00edtica de Privacidade<\/h3>\n\n\n\n<p>Para manter atualizado o compromisso com a prote\u00e7\u00e3o dos dados pessoais de seus usu\u00e1rios, de modo que esteja adequado \u00e0s modifica\u00e7\u00f5es tecnol\u00f3gicas e legais que venham a ocorrer, a APROEMP realizar\u00e1, sempre que necess\u00e1rio, atualiza\u00e7\u00f5es em sua Pol\u00edtica de Privacidade.<\/p>\n\n\n\n<p>Deste modo, recomenda-se que os usu\u00e1rios visitem o site da APROEMP (www.processoempresarial.com.br) periodicamente, para se atualizarem das modifica\u00e7\u00f5es em sua Pol\u00edtica de Privacidade.<\/p>\n\n\n\n<p>De todo modo, modifica\u00e7\u00f5es que possam importar em altera\u00e7\u00e3o das finalidades dos tratamentos de dados ou que importem em compartilhamento ou comunica\u00e7\u00e3o de dados a terceiros ser\u00e3o comunicadas aos titulares dos dados de acordo com o disposto na legisla\u00e7\u00e3o, sendo-lhes requerido, se for o caso, o consentimento para o tratamento para esta outra finalidade ou para a comunica\u00e7\u00e3o ou compartilhamento de dados.<\/p>\n\n\n\n<p><a href=\"#sumario\">Voltar<\/a><\/p>\n\n<\/div>","protected":false},"excerpt":{"rendered":"<p>ASSOCIA\u00c7\u00c3O CONGRESSO DE DIREITO PROCESSUAL EMPRESARIAL \u2013 APROEMP Esta Pol\u00edtica de Privacidade foi atualizada pela \u00faltima vez em 20 de julho de 2022, e corresponde \u00e0 vers\u00e3o n\u00ba. 1. Nesta p\u00e1gina, descrevemos a forma como a Associa\u00e7\u00e3o Congresso de Direito Processual Empresarial &#8211; APROEMP processa os seus dados, notadamente no acesso \u00e0 \u00e1rea restrita do &#8230; <a title=\"POL\u00cdTICA DE PRIVACIDADE\" class=\"read-more\" href=\"https:\/\/processoempresarial.com.br\/site\/politica-de-privacidade\/\" aria-label=\"Read more about POL\u00cdTICA DE PRIVACIDADE\">Leia mais<\/a><\/p>\n","protected":false},"author":1,"featured_media":0,"parent":0,"menu_order":0,"comment_status":"closed","ping_status":"closed","template":"","meta":{"_acf_changed":false,"inline_featured_image":false,"pgc_sgb_lightbox_settings":"","footnotes":""},"class_list":["post-719","page","type-page","status-publish"],"acf":[],"_links":{"self":[{"href":"https:\/\/processoempresarial.com.br\/site\/wp-json\/wp\/v2\/pages\/719","targetHints":{"allow":["GET"]}}],"collection":[{"href":"https:\/\/processoempresarial.com.br\/site\/wp-json\/wp\/v2\/pages"}],"about":[{"href":"https:\/\/processoempresarial.com.br\/site\/wp-json\/wp\/v2\/types\/page"}],"author":[{"embeddable":true,"href":"https:\/\/processoempresarial.com.br\/site\/wp-json\/wp\/v2\/users\/1"}],"replies":[{"embeddable":true,"href":"https:\/\/processoempresarial.com.br\/site\/wp-json\/wp\/v2\/comments?post=719"}],"version-history":[{"count":0,"href":"https:\/\/processoempresarial.com.br\/site\/wp-json\/wp\/v2\/pages\/719\/revisions"}],"wp:attachment":[{"href":"https:\/\/processoempresarial.com.br\/site\/wp-json\/wp\/v2\/media?parent=719"}],"curies":[{"name":"wp","href":"https:\/\/api.w.org\/{rel}","templated":true}]}}